{"id":3,"date":"2021-08-02T14:57:21","date_gmt":"2021-08-02T14:57:21","guid":{"rendered":"http:\/\/occhioallamianto.it\/?page_id=3"},"modified":"2021-09-10T14:01:01","modified_gmt":"2021-09-10T14:01:01","slug":"privacy-policy","status":"publish","type":"page","link":"https:\/\/occhioallamianto.it\/privacy-policy\/","title":{"rendered":"Privacy Policy"},"content":{"rendered":"<p>&nbsp;<\/p>\n<p>&nbsp;<\/p>\n<p>&nbsp;<\/p>\n<p><strong>IL TITOLARE DEL TRATTAMENTO DEI DATI<\/strong><br \/>\n<strong>FORMEDIL<\/strong><br \/>\nSede Legale: Via Guattani 24 &#8211; 00161 Roma<br \/>\nTel. 06.852612 &#8211; Fax 06.85261700<\/p>\n<p>&nbsp;<\/p>\n<p>Sito internet o servizio web accessibile all&#8217;indirizzo:<br \/>\n<a href=\"https:\/\/occhioallamianto.it\/\">https:\/\/occhioallamianto.it\/<\/a><br \/>\nper qualsiasi informazioni scrivi a\u00a0<a href=\"formedil@formedil.it\">formedil@formedil.it<\/a><\/p>\n<p><strong>Ultimo aggiornamento 14 maggio 2018<\/strong><\/p>\n<p><strong>PERCHE&#8217; QUESTO AVVISO<\/strong><br \/>\nGrazie per dedicare qualche minuto alla consultazione di questa sezione del nostro sito Web.<br \/>\nLa tua privacy \u00e8 molto importante per NOI e per tutelarla al meglio, ti forniamo queste note in cui troverai indicazioni sul tipo di informazioni raccolte online e sulle varie possibilit\u00e0 che hai di intervenire nella raccolta e nell&#8217;utilizzo di tali informazioni nel sito.<\/p>\n<h3>Privacy Policy<\/h3>\n<p>Questa comunicazione \u00e8 fornita in conformit\u00e0 alla legislazione dell&#8217;Unione europea sul trattamento dei dati personali ed al Codice privacy italiano (art. 13 del D.lgs. n. 196\/2003) ed alla normativa europea di cui al Regolamento UE n 2016\/679 (GDPR), art. 13.<\/p>\n<p><strong>LUOGO DI TRATTAMENTO DEI DATI<\/strong><br \/>\nI trattamenti connessi ai servizi Web di questo sito hanno luogo presso la sede di dell&#8217;azienda e sono curati solo da personale tecnico incaricato del trattamento, oppure da eventuali incaricati di occasionali operazioni di manutenzione.<\/p>\n<p>Nessun dato derivante dal servizio web viene comunicato o diffuso. I dati personali forniti dagli utenti che inoltrano richieste di invio di materiale informativo (quali contatti, newsletter, ecc) sono utilizzati al solo fine di eseguire il servizio o la prestazione richiesta.<\/p>\n<p><strong>TIPI DI DATI TRATTATI<\/strong><br \/>\nTutti i dati sono forniti volontariamente dall&#8217;utente.<br \/>\nL&#8217;invio facoltativo, esplicito e volontario di posta elettronica agli indirizzi indicati su questo sito comporta la successiva acquisizione dell&#8217;indirizzo del mittente, necessario per rispondere alle richieste, nonch\u00e8 degli eventuali altri dati personali inseriti nella missiva.<\/p>\n<p><strong>FACOLTATIVITA&#8217; DEL CONFERIMENTO DEI DATI<\/strong><br \/>\nA parte quanto specificato per i dati di navigazione, l&#8217;utente \u00e8 libero di fornire i dati personali riportati nei moduli di richiesta o comunque indicati in contatti per sollecitare l&#8217;invio di materiale informativo o di altre comunicazioni. Il loro mancato conferimento pu\u00f2 comportare l&#8217;impossibilit\u00e0 di ottenere quanto richiesto.<\/p>\n<p><strong>DIRITTI DEGLI INTERESSATI<\/strong><br \/>\nI soggetti cui si riferiscono i dati personali hanno il diritto in qualunque momento di ottenere la conferma dell&#8217;esistenza o meno dei medesimi dati e di conoscerne il contenuto e l&#8217;origine, verificarne l&#8217;esattezza o chiederne l&#8217;integrazione o l&#8217;aggiornamento, oppure la rettifica (art.7 del D.Lgs. n\u00b0 196\/2003). Ai sensi del medesimo articolo si ha il diritto di chiedere la cancellazione, la trasformazione in forma anonima o il blocco dei dati trattati in violazione di legge, nonch\u00e8 di opporsi in ogni caso, per motivi legittimi, al loro trattamento.<\/p>\n<p>Chiunque dovesse avere dubbi riguardanti il rispetto della politica per la tutela della privacy da noi, la sua applicazione, l&#8217;accuratezza dei tuoi dati personali o l&#8217;utilizzo delle informazioni raccolte pu\u00f2 contattarci in qualsiasi momento.<\/p>\n<h3>Cookie Policy<\/h3>\n<p><strong>Per funzionare correttamente, questo sito potrebbe installare dei piccoli file di dati che si chiamano \u201ccookie&#8221;.<\/strong><\/p>\n<p>Il sito utilizza esclusivamente cookie tecnici per il corretto funzionamento e le impostazioni di base (es. lingua, login e altre impostazioni di visualizzazione).<\/p>\n<p>L&#8217;uso di cookies tecnici (che non vengono memorizzati in modo persistente) \u00e8 strettamente limitato alla trasmissione di identificativi di sessione (costituiti da numeri casuali generati dal server) necessari per consentire l&#8217;esplorazione sicura ed efficiente del sito.<\/p>\n<p><strong>Nessun dato personale degli utenti viene acquisito dal sito senza il vostro consenso.<\/strong><br \/>\nNon viene fatto uso di cookies per la trasmissione di informazioni di carattere personale (per profilazione).<\/p>\n<p><strong>Cookie di terze parti<\/strong><br \/>\nIl sito che sta navigando utilizza strumenti di analisi forniti da Google Analytics per tracciare dati statistici in forma aggregata.\u00a0Se si preferisce restringere, bloccare o cancellare i cookie di questo sito, \u00e8 possibile farlo modificando la configurazione del proprio browser su computer e dispositivi mobile.<\/p>\n<p>Scegliendo di disabilitare i cookie non sar\u00e0 per\u00f2 pi\u00f9 possibile sfruttare tutte le funzionalit\u00e0 del sito.<\/p>\n<p><strong>Disattivazione dei cookie<\/strong><br \/>\nL&#8217;utente pu\u00f2 disattivare i cookie, impostando opportunamente le propriet\u00e0 di privacy del proprio browser.<\/p>\n<p><em>Microsoft Internet Explorer:\u00a0<\/em><a href=\"http:\/\/windows.microsoft.com\/it-it\/windows-vista\/block-or-allow-cookies\" target=\"_blank\" rel=\"noopener\">http:\/\/windows.microsoft.com\/&#8230;<\/a><em><br \/>\nMozilla Firefox:\u00a0<\/em><a href=\"https:\/\/support.mozilla.org\/it\/kb\/Attivare%20e%20disattivare%20i%20cookie?redirectlocale=en-US&amp;redirectslug=Enabling+and+disabling+cookies\" target=\"_blank\" rel=\"noopener\">https:\/\/support.mozilla.org\/it\/kb\/&#8230;<\/a><em><br \/>\nGoogle Chrome:\u00a0<\/em><a href=\"https:\/\/support.google.com\/accounts\/answer\/61416?hl=it\" target=\"_blank\" rel=\"noopener\">https:\/\/support.google.com\/accounts\/answer\/61416?hl=it<\/a><em><br \/>\nSafari:\u00a0<\/em><a href=\"http:\/\/www.apple.com\/legal\/privacy\/it\/cookies\/\" target=\"_blank\" rel=\"noopener\">http:\/\/www.apple.com\/legal\/privacy\/it\/cookies\/<\/a><em><br \/>\nOpera:\u00a0<\/em><a href=\"http:\/\/help.opera.com\/Windows\/12.10\/it\/cookies.html\" target=\"_blank\" rel=\"noopener\">http:\/\/help.opera.com\/Windows\/12.10\/it\/cookies.html<\/a><\/p>\n<p>In qualsiasi momento l&#8217;utente potr\u00e0 cancellare i cookie dal disco fisso del computer.<\/p>\n<p>Questo sito pu\u00f2 utilizzare anche in modo non costante video, servizi e contenuti di social network e in base all&#8217;occorrenza contenuti incorporabili di altri siti o servizi.<br \/>\nVi invitiamo a informarvi direttamente presso ogni terza parte.<\/p>\n<p><em>Google:\u00a0<\/em><a href=\"https:\/\/www.google.com\/intl\/it_it\/policies\/privacy\/\" target=\"_blank\" rel=\"noopener\">https:\/\/www.google.com\/intl\/it_it\/policies\/privacy\/<\/a><br \/>\n<em>Youtube:\u00a0<\/em><a href=\"https:\/\/www.google.it\/intl\/it\/policies\/privacy\/\" target=\"_blank\" rel=\"noopener\">https:\/\/www.google.it\/intl\/it\/policies\/privacy\/<\/a><br \/>\n<em>Facebook:\u00a0<\/em><a href=\"https:\/\/www.facebook.com\/help\/cookies\/\" target=\"_blank\" rel=\"noopener\">https:\/\/www.facebook.com\/help\/cookies\/<\/a><br \/>\n<em>Twitter:\u00a0<\/em><a href=\"https:\/\/twitter.com\/privacy\" target=\"_blank\" rel=\"noopener\">https:\/\/twitter.com\/privacy<\/a><br \/>\n<em>Vimeo:\u00a0<\/em><a href=\"https:\/\/vimeo.com\/cookie_policy\" target=\"_blank\" rel=\"noopener\">https:\/\/vimeo.com\/cookie_policy<\/a><\/p>\n<p dir=\"ltr\"><strong>Ulteriori Informazioni:<\/strong><\/p>\n<p dir=\"ltr\">Sito Ufficiale Garante per la protezione dei dati personali<br \/>\n<a href=\"http:\/\/www.garanteprivacy.it\/\">http:\/\/www.garanteprivacy.it\/<\/a><\/p>\n<p dir=\"ltr\">Diritti e prevenzione: come tutelare la tua privacy<br \/>\n<a href=\"http:\/\/www.garanteprivacy.it\/home\/diritti\">http:\/\/www.garanteprivacy.it\/home\/diritti<\/a><\/p>\n<p dir=\"ltr\">Doveri e responsabilit\u00e0: Come trattare i dati degli altri<br \/>\n<a href=\"http:\/\/www.garanteprivacy.it\/home\/doveri\">http:\/\/www.garanteprivacy.it\/home\/doveri<br \/>\n<\/a><br \/>\nCookie e privacy: istruzioni per l&#8217;uso<br \/>\n<a href=\"http:\/\/www.garanteprivacy.it\/cookie\">http:\/\/www.garanteprivacy.it\/cookie<\/a><\/p>\n<p dir=\"ltr\">FAQ in materia di Cookie<br \/>\n<a href=\"http:\/\/www.garanteprivacy.it\/web\/guest\/home\/docweb\/-\/docweb-display\/docweb\/2142939\">http:\/\/www.garanteprivacy.it\/web\/guest\/home\/docweb\/-\/docweb-display\/docweb\/2142939<\/a><\/p>\n<p dir=\"ltr\">Internet: Garante privacy, no ai cookie per profilazione senza consenso<br \/>\n<a href=\"http:\/\/www.garanteprivacy.it\/web\/guest\/home\/docweb\/-\/docweb-display\/docweb\/3167231\">http:\/\/www.garanteprivacy.it\/web\/guest\/home\/docweb\/-\/docweb-display\/docweb\/3167231<\/a><\/p>\n<p dir=\"ltr\"><strong>Per saperne di pi\u00f9 sui cookie e sul loro funzionamento<\/strong><br \/>\n<a href=\"http:\/\/www.allaboutcookies.org\/\">http:\/\/www.allaboutcookies.org\u200b<br \/>\n<\/a>oppure<br \/>\n<a href=\"http:\/\/www.youronlinechoices.eu\/\">http:\/\/www.youronlinechoices.eu<\/a><\/p>\n","protected":false},"excerpt":{"rendered":"<p>&nbsp; &nbsp; &nbsp; IL TITOLARE DEL TRATTAMENTO DEI DATI FORMEDIL Sede Legale: Via Guattani 24 &#8211; 00161 Roma Tel. 06.852612 &#8211; Fax 06.85261700 &nbsp; Sito internet o servizio web accessibile all&#8217;indirizzo: https:\/\/occhioallamianto.it\/ per qualsiasi informazioni scrivi a\u00a0formedil@formedil.it Ultimo aggiornamento 14 maggio 2018 PERCHE&#8217; QUESTO AVVISO Grazie per dedicare qualche minuto alla consultazione di questa sezione [&hellip;]<\/p>\n","protected":false},"author":2,"featured_media":68,"parent":0,"menu_order":0,"comment_status":"closed","ping_status":"open","template":"","meta":{"footnotes":""},"acf":[],"_links":{"self":[{"href":"https:\/\/occhioallamianto.it\/wp-json\/wp\/v2\/pages\/3"}],"collection":[{"href":"https:\/\/occhioallamianto.it\/wp-json\/wp\/v2\/pages"}],"about":[{"href":"https:\/\/occhioallamianto.it\/wp-json\/wp\/v2\/types\/page"}],"author":[{"embeddable":true,"href":"https:\/\/occhioallamianto.it\/wp-json\/wp\/v2\/users\/2"}],"replies":[{"embeddable":true,"href":"https:\/\/occhioallamianto.it\/wp-json\/wp\/v2\/comments?post=3"}],"version-history":[{"count":5,"href":"https:\/\/occhioallamianto.it\/wp-json\/wp\/v2\/pages\/3\/revisions"}],"predecessor-version":[{"id":71,"href":"https:\/\/occhioallamianto.it\/wp-json\/wp\/v2\/pages\/3\/revisions\/71"}],"wp:featuredmedia":[{"embeddable":true,"href":"https:\/\/occhioallamianto.it\/wp-json\/wp\/v2\/media\/68"}],"wp:attachment":[{"href":"https:\/\/occhioallamianto.it\/wp-json\/wp\/v2\/media?parent=3"}],"curies":[{"name":"wp","href":"https:\/\/api.w.org\/{rel}","templated":true}]}}